{"id":1979,"date":"2024-06-29T12:01:30","date_gmt":"2024-06-29T16:01:30","guid":{"rendered":"https:\/\/strokecongress.canadianstroke.ca\/about\/"},"modified":"2025-12-17T17:34:20","modified_gmt":"2025-12-17T22:34:20","slug":"about","status":"publish","type":"page","link":"https:\/\/strokecongress.canadianstroke.ca\/fr\/about\/","title":{"rendered":"\u00c0 propos"},"content":{"rendered":"<section class=\"wpb-content-wrapper\"><p>[vc_row][vc_column][vc_column_text]<span style=\"font-weight: 400;\">Organis\u00e9e conjointement par la plateforme d\u2019essais post-AVC CanStroke et la plateforme de formation en essais clinique StrokeCog, l\u2019\u00e9dition 2026 du Congr\u00e8s canadien de l\u2019AVC perp\u00e9tue une tradition d\u2019excellence. \u00c9tabli en 2010, ce forum sp\u00e9cifiquement canadien rassemble des chercheurs, des stagiaires, des cliniciens, des professionnels param\u00e9dicaux, des administrateurs, des d\u00e9cideurs et des personnes ayant une exp\u00e9rience concr\u00e8te afin de partager les nouvelles d\u00e9couvertes et innovations, les plus r\u00e9centes sciences et th\u00e9rapies et de b\u00e2tir des relations en vue de futures collaborations. Le Congr\u00e8s canadien de l\u2019AVC continue d\u2019\u00eatre le rendez-vous incontournable pour la communaut\u00e9 canadienne dans le domaine.<\/span>[\/vc_column_text][vc_empty_space height=\u00a0\u00bb50px\u00a0\u00bb][\/vc_column][\/vc_row][vc_row css=\u00a0\u00bb.vc_custom_1473407674458{padding-bottom: 8rem !important;}\u00a0\u00bb][vc_column][vc_cta h2=\u00a0\u00bbComit\u00e9 du programme scientifique\u00a0\u00bb style=\u00a0\u00bb3d\u00a0\u00bb add_icon=\u00a0\u00bbleft\u00a0\u00bb i_icon_fontawesome=\u00a0\u00bbfas fa-users\u00a0\u00bb i_color=\u00a0\u00bbcustom\u00a0\u00bb i_on_border=\u00a0\u00bbtrue\u00a0\u00bb i_custom_color=\u00a0\u00bb#a30d0d\u00a0\u00bb][\/vc_cta][vc_column_text]<strong>Chairs: Dr. Sean Dukelow <em>(University of Calgary) <\/em><\/strong>and <strong>Dr. Jodi Edwards <em>(University of Ottawa Heart Institute)<\/em><\/strong><\/p>\n<ul>\n<li data-start=\"72\" data-end=\"91\">Dr. Craig Brown<em> (University of Victoria)<\/em><\/li>\n<li data-start=\"92\" data-end=\"119\">Dr. Jacqueline Cochrane <em>(University of Ottawa)<\/em><\/li>\n<li data-start=\"120\" data-end=\"141\">Dr. Marika Demers <em>(Universit\u00e9 de Montr\u00e9al)<\/em><\/li>\n<li data-start=\"142\" data-end=\"170\">Ms. Sharon Gilroy-Dreher <em>(Person with Lived Experience)<\/em><\/li>\n<li data-start=\"171\" data-end=\"191\">Dr. Brett Graham <em>(University of Saskatchewan)<\/em><\/li>\n<li data-start=\"192\" data-end=\"212\">Dr. Noreen Kamal\u00a0 (<em>Dalhousie University<\/em>)<\/li>\n<li data-start=\"213\" data-end=\"235\">Mr. Kevin Lindland\u00a0<em>(Alberta Health Services)<\/em><\/li>\n<li data-start=\"236\" data-end=\"259\">Dr. Patrice Lindsay<em> (Health Systems and Engagement Consultant)<\/em><\/li>\n<li data-start=\"260\" data-end=\"280\">Dr. Craig Mitton\u00a0<em>(University of British Columbia)<\/em><\/li>\n<li data-start=\"281\" data-end=\"303\">Dr. Cindi Morshead\u00a0<em>(University of Toronto)<\/em><\/li>\n<li data-start=\"304\" data-end=\"327\">Dr. Michelle Nelson <em>(University of Toronto)<\/em><\/li>\n<li data-start=\"328\" data-end=\"358\">Dr. Kanjana (Sashi) Perera\u00a0<em>(McMaster University)<\/em><\/li>\n<li data-start=\"359\" data-end=\"383\">Dr. Elizabeth Reimer\u00a0<em>(Alberta Health Services)<\/em><\/li>\n<li data-start=\"384\" data-end=\"405\">Dr. Nishita Singh\u00a0<em>(University of Manitoba)<\/em><\/li>\n<li data-start=\"406\" data-end=\"422\">Dr. Ada Tang\u00a0<em>(McMaster University)<\/em><\/li>\n<li data-start=\"406\" data-end=\"422\">Dr. Amy Yu\u00a0<em>(Sunnybrook Research Institute)<\/em><\/li>\n<li data-start=\"406\" data-end=\"422\">Mr. Farrell Leibovitch <em>(Sunnybrook Research Institute)<\/em><\/li>\n<\/ul>\n<p>[\/vc_column_text][vc_empty_space height=\u00a0\u00bb50px\u00a0\u00bb][vc_cta h2=\u00a0\u00bb\u00c9quipe d\u2019organisation du Congr\u00e8s canadien de l\u2019AVC\u00a0\u00bb style=\u00a0\u00bb3d\u00a0\u00bb add_icon=\u00a0\u00bbleft\u00a0\u00bb i_icon_fontawesome=\u00a0\u00bbfas fa-users\u00a0\u00bb i_color=\u00a0\u00bbcustom\u00a0\u00bb i_on_border=\u00a0\u00bbtrue\u00a0\u00bb i_custom_color=\u00a0\u00bb#a30d0d\u00a0\u00bb][\/vc_cta][vc_column_text]<\/p>\n<ul>\n<li data-start=\"406\" data-end=\"422\">Mr. Farrell Leibovitch <em>(Sunnybrook Research Institute)<\/em><\/li>\n<li data-start=\"406\" data-end=\"422\">Ms. Karen Truong <em>(Sunnybrook Research Institute)<\/em><\/li>\n<li data-start=\"406\" data-end=\"422\">Ms. Holly Vogel\u00a0<em>(University of Calgary)<\/em><\/li>\n<\/ul>\n<p>[\/vc_column_text][\/vc_column][\/vc_row]<\/p>\n<\/section>","protected":false},"excerpt":{"rendered":"<p>[vc_row][vc_column][vc_column_text]Organis\u00e9e conjointement par la plateforme d\u2019essais post-AVC CanStroke et la plateforme de formation en essais clinique StrokeCog, l\u2019\u00e9dition 2026 du Congr\u00e8s canadien de l\u2019AVC perp\u00e9tue une tradition d\u2019excellence. \u00c9tabli en 2010, ce forum sp\u00e9cifiquement&hellip;<\/p>\n","protected":false},"author":2,"featured_media":0,"parent":0,"menu_order":0,"comment_status":"closed","ping_status":"closed","template":"","meta":{"footnotes":""},"class_list":["post-1979","page","type-page","status-publish","hentry"],"featured_image_src":null,"featured_image_src_square":null,"_links":{"self":[{"href":"https:\/\/strokecongress.canadianstroke.ca\/fr\/wp-json\/wp\/v2\/pages\/1979","targetHints":{"allow":["GET"]}}],"collection":[{"href":"https:\/\/strokecongress.canadianstroke.ca\/fr\/wp-json\/wp\/v2\/pages"}],"about":[{"href":"https:\/\/strokecongress.canadianstroke.ca\/fr\/wp-json\/wp\/v2\/types\/page"}],"author":[{"embeddable":true,"href":"https:\/\/strokecongress.canadianstroke.ca\/fr\/wp-json\/wp\/v2\/users\/2"}],"replies":[{"embeddable":true,"href":"https:\/\/strokecongress.canadianstroke.ca\/fr\/wp-json\/wp\/v2\/comments?post=1979"}],"version-history":[{"count":13,"href":"https:\/\/strokecongress.canadianstroke.ca\/fr\/wp-json\/wp\/v2\/pages\/1979\/revisions"}],"predecessor-version":[{"id":3286,"href":"https:\/\/strokecongress.canadianstroke.ca\/fr\/wp-json\/wp\/v2\/pages\/1979\/revisions\/3286"}],"wp:attachment":[{"href":"https:\/\/strokecongress.canadianstroke.ca\/fr\/wp-json\/wp\/v2\/media?parent=1979"}],"curies":[{"name":"wp","href":"https:\/\/api.w.org\/{rel}","templated":true}]}}