{"id":1981,"date":"2016-05-11T12:27:56","date_gmt":"2016-05-11T16:27:56","guid":{"rendered":"https:\/\/strokecongress.canadianstroke.ca\/home\/"},"modified":"2025-12-19T10:48:25","modified_gmt":"2025-12-19T15:48:25","slug":"home","status":"publish","type":"page","link":"https:\/\/strokecongress.canadianstroke.ca\/fr\/","title":{"rendered":"d\u2019accueil"},"content":{"rendered":"<section class=\"wpb-content-wrapper\"><p>[vc_row full_width=\u00a0\u00bbstretch_row\u00a0\u00bb full_height=\u00a0\u00bbyes\u00a0\u00bb parallax=\u00a0\u00bbcontent-moving-fade\u00a0\u00bb parallax_image=\u00a0\u00bb3222&Prime; parallax_speed_bg=\u00a0\u00bb1&Prime; css=\u00a0\u00bb.vc_custom_1766010030980{background-color: #ffffff !important;}\u00a0\u00bb][vc_column][vc_single_image image=\u00a0\u00bb2153&Prime; img_size=\u00a0\u00bbfull\u00a0\u00bb alignment=\u00a0\u00bbcenter\u00a0\u00bb el_class=\u00a0\u00bblogo_title_image\u00a0\u00bb]<h2 class=\"subtitle home_sub_dean\">24 - 25 mai 2026 | Banff, Alberta<\/h2>[\/vc_column][\/vc_row][vc_row full_width=\u00a0\u00bbstretch_row\u00a0\u00bb css=\u00a0\u00bb.vc_custom_1721862798692{padding-top: 20px !important;padding-bottom: 20px !important;background-color: #f1f0ec !important;}\u00a0\u00bb][vc_column width=\u00a0\u00bb1\/3&Prime;][vc_single_image image=\u00a0\u00bb2155&Prime; img_size=\u00a0\u00bbmedium\u00a0\u00bb onclick=\u00a0\u00bbcustom_link\u00a0\u00bb img_link_target=\u00a0\u00bb_blank\u00a0\u00bb link=\u00a0\u00bbhttp:\/\/www.canadianstroke.ca\u00a0\u00bb][\/vc_column][vc_column width=\u00a0\u00bb1\/3&Prime;][vc_single_image image=\u00a0\u00bb1425&Prime; img_size=\u00a0\u00bbmedium\u00a0\u00bb onclick=\u00a0\u00bbcustom_link\u00a0\u00bb img_link_target=\u00a0\u00bb_blank\u00a0\u00bb link=\u00a0\u00bbhttps:\/\/canadianstroke.ca\/strokecog\/public\/\u00a0\u00bb el_class=\u00a0\u00bbresize_logos\u00a0\u00bb][\/vc_column][vc_column width=\u00a0\u00bb1\/3&Prime; css=\u00a0\u00bb.vc_custom_1721664579472{margin-top: -25px !important;}\u00a0\u00bb][vc_column_text el_class=\u00a0\u00bbhomepage_logos_blurb\u00a0\u00bb]Hosted by the <a href=\"http:\/\/www.canadianstroke.ca\">CanStroke Recovery Trials Platform<\/a> and the <a href=\"https:\/\/canadianstroke.ca\/strokecog\/public\/\">StrokeCog Clinical Trials Training Platform<\/a>.[\/vc_column_text][\/vc_column][\/vc_row][vc_row full_width=\u00a0\u00bbstretch_row_content_no_spaces\u00a0\u00bb css=\u00a0\u00bb.vc_custom_1721664974413{margin-top: -35px !important;}\u00a0\u00bb][vc_column]<div id=\"slider-content\">\n\t\t\t\t\t<div class=\"containers\">\n\t\t\t\t\t\t<div class=\"col-sm-12\"><ul id=\"countdown\" data-utc=\"-4\"><input type=\"hidden\" id=\"datetime_year\" value=2026><input type=\"hidden\" id=\"datetime_month\" value=05><input type=\"hidden\" id=\"datetime_day\" value=23><input type=\"hidden\" id=\"datetime_hour\" value=9><input type=\"hidden\" id=\"datetime_minutes\" value=00><input type=\"hidden\" id=\"transday\" value=Day><input type=\"hidden\" id=\"transdays\" value=Days><input type=\"hidden\" id=\"transhour\" value=Hour><input type=\"hidden\" id=\"transhours\" value=Hours><input type=\"hidden\" id=\"transminute\" value=Minute><input type=\"hidden\" id=\"transminutes\" value=Minutes><input type=\"hidden\" id=\"transsecond\" value=Second><input type=\"hidden\" id=\"transseconds\" value=Seconds><li><span class=\"days\">00<\/span><p class=\"days_text\">Days<\/p><\/li>\n                                <li><span class=\"hours\">00<\/span><p class=\"hours_text\">Hours<\/p><\/li>\n                                <li><span class=\"minutes\">00<\/span><p class=\"minutes_text\">Minutes<\/p><\/li>\n                                <li><span class=\"seconds\">00<\/span><p class=\"seconds_text\">Seconds<\/p><\/li>\n                            <\/ul>\n                        <\/div>\n                <\/div>\n        <\/div>[vc_empty_space height=\u00a0\u00bb60px\u00a0\u00bb]<div class=\"row feature2\"><div class=\"col-md-6 image2 feature2-content\" style=\"background-image: url(https:\/\/strokecongress.canadianstroke.ca\/wp-content\/uploads\/2025\/06\/CanStroke-banner-team-scaled.jpg)\"><\/div><div class=\"col-md-6 text light feature2-content\"  style=\"background:#000000;\" >\n\t\t\t\t\t\t<h5  style=\"color:#ffffff; \" >PROGRAMME SCIENTIFIQUE<\/h5>\n\t\t\t\t\t\t<h6  >Comit\u00e9 expert du programme scientifique<\/h6>\n\t\t\t\t\t\t<p   style=\"color:#888888;\" >\u00c9tabli en 2010, le Congr\u00e8s canadien de l\u2019AVC est le rendez-vous incontournable pour la recherche et l\u2019innovation en mati\u00e8re d\u2019AVC au Canada, il rassemble des chefs de file du domaine \u00e0 l\u2019\u00e9chelle nationale et internationale. Le robuste programme de cette ann\u00e9e inclut une conf\u00e9rence sur l\u2019IA \u00e0 travers les soins en mati\u00e8re d\u2019AVC, un symposium sur les femmes et les AVC, les Hnatyshyn et Niebor Lectureships, une mise \u00e0 jour sur les essais cliniques canadiens dans le domaine, des pr\u00e9sentations orales et par affiche, le premier Dale Corbett Translational Lectureship et plus encore !<\/p><p><a class=\"btn btn-danger\" href=\"https:\/\/strokecongress.canadianstroke.ca\/fr\/program\/\" target=\"_self\">En savoir plus<\/a><\/p><\/div><\/div><div class=\"row feature2\"><div class=\"col-md-6 hidden-md hidden-lg image2 feature2-content\" style=\"background-image: url(https:\/\/strokecongress.canadianstroke.ca\/wp-content\/uploads\/2025\/06\/Accomodations-CSC2026.jpg)\"><\/div><div class=\"col-md-6 text light feature2-content\"  >\n\t\t\t\t\t\t<h5  style=\"color:#000000; \" >H\u00c9BERGEMENT<\/h5>\n\t\t\t\t\t\t<h6  >Centre des arts de Banff<\/h6>\n\t\t\t\t\t\t<p   style=\"color:#888888;\" >Nich\u00e9 sur les flancs de la montagne Sacred Buffalo Guardian et \u00e0 seulement cinq minutes du centre-ville, l'h\u00f4tel Banff Centre propose des chambres r\u00e9cemment r\u00e9nov\u00e9es et des vues \u00e0 couper le souffle. Tous les clients b\u00e9n\u00e9ficient d'une connexion Wi-Fi gratuite dans tout l'\u00e9tablissement, d'un parking, de l'entr\u00e9e \u00e0 la galerie Walter Phillips du Banff Centre et d'un abonnement PLUS donnant acc\u00e8s \u00e0 nos vastes installations de remise en forme et de loisirs.<\/p><p><a class=\"btn btn-danger\" href=\"https:\/\/strokecongress.canadianstroke.ca\/fr\/accommodation\/\" target=\"_self\">En savoir plus<\/a><\/p><\/div><div class=\"col-md-6 hidden-sm hidden-xs image2 feature2-content\" style=\"background-image: url(https:\/\/strokecongress.canadianstroke.ca\/wp-content\/uploads\/2025\/06\/Accomodations-CSC2026.jpg)\"><\/div><\/div><div class=\"row feature2\"><div class=\"col-md-6 image2 feature2-content\" style=\"background-image: url(https:\/\/strokecongress.canadianstroke.ca\/wp-content\/uploads\/2025\/06\/Banff-Kinnear-Centre-CSC26-1.jpg)\"><\/div><div class=\"col-md-6 text light feature2-content\"  style=\"background:#000000;\" >\n\t\t\t\t\t\t<h5  style=\"color:#ffffff; \" >CENTRE DE CONF\u00c9RENCES<\/h5>\n\t\t\t\t\t\t<h6  style=\"color:#dd3333; \" >Centre des arts de Banff<\/h6>\n\t\t\t\t\t\t<p   style=\"color:#888888;\" >Le Centre des arts de Banff est un organisme artistique et culturel d'envergure nationale qui offre des programmes multidisciplinaires \u00e0 l\u2019intention des artistes et gestionnaires. Il accueille aussi des conf\u00e9rences et rencontres dans son centre des congr\u00e8s, un des meilleurs au Canada.<\/p><p><a class=\"btn btn-danger\" href=\"https:\/\/www.banffcentre.ca\/conferences\" target=\"_self\">En savoir plus<\/a><\/p><\/div><\/div>[\/vc_column][\/vc_row][vc_row][vc_column][\/vc_column][\/vc_row]<\/p>\n<\/section>","protected":false},"excerpt":{"rendered":"<p>[vc_row full_width=\u00a0\u00bbstretch_row\u00a0\u00bb full_height=\u00a0\u00bbyes\u00a0\u00bb parallax=\u00a0\u00bbcontent-moving-fade\u00a0\u00bb parallax_image=\u00a0\u00bb3222&Prime; parallax_speed_bg=\u00a0\u00bb1&Prime; css=\u00a0\u00bb.vc_custom_1766010030980{background-color: #ffffff !important;}\u00a0\u00bb][vc_column][vc_single_image image=\u00a0\u00bb2153&Prime; img_size=\u00a0\u00bbfull\u00a0\u00bb alignment=\u00a0\u00bbcenter\u00a0\u00bb el_class=\u00a0\u00bblogo_title_image\u00a0\u00bb][\/vc_column][\/vc_row][vc_row full_width=\u00a0\u00bbstretch_row\u00a0\u00bb css=\u00a0\u00bb.vc_custom_1721862798692{padding-top: 20px !important;padding-bottom: 20px !important;background-color: #f1f0ec !important;}\u00a0\u00bb][vc_column width=\u00a0\u00bb1\/3&Prime;][vc_single_image image=\u00a0\u00bb2155&Prime; img_size=\u00a0\u00bbmedium\u00a0\u00bb onclick=\u00a0\u00bbcustom_link\u00a0\u00bb img_link_target=\u00a0\u00bb_blank\u00a0\u00bb link=\u00a0\u00bbhttp:\/\/www.canadianstroke.ca\u00a0\u00bb][\/vc_column][vc_column width=\u00a0\u00bb1\/3&Prime;][vc_single_image image=\u00a0\u00bb1425&Prime; img_size=\u00a0\u00bbmedium\u00a0\u00bb onclick=\u00a0\u00bbcustom_link\u00a0\u00bb img_link_target=\u00a0\u00bb_blank\u00a0\u00bb link=\u00a0\u00bbhttps:\/\/canadianstroke.ca\/strokecog\/public\/\u00a0\u00bb el_class=\u00a0\u00bbresize_logos\u00a0\u00bb][\/vc_column][vc_column&hellip;<\/p>\n","protected":false},"author":1,"featured_media":0,"parent":0,"menu_order":0,"comment_status":"closed","ping_status":"closed","template":"","meta":{"footnotes":""},"class_list":["post-1981","page","type-page","status-publish","hentry"],"featured_image_src":null,"featured_image_src_square":null,"_links":{"self":[{"href":"https:\/\/strokecongress.canadianstroke.ca\/fr\/wp-json\/wp\/v2\/pages\/1981","targetHints":{"allow":["GET"]}}],"collection":[{"href":"https:\/\/strokecongress.canadianstroke.ca\/fr\/wp-json\/wp\/v2\/pages"}],"about":[{"href":"https:\/\/strokecongress.canadianstroke.ca\/fr\/wp-json\/wp\/v2\/types\/page"}],"author":[{"embeddable":true,"href":"https:\/\/strokecongress.canadianstroke.ca\/fr\/wp-json\/wp\/v2\/users\/1"}],"replies":[{"embeddable":true,"href":"https:\/\/strokecongress.canadianstroke.ca\/fr\/wp-json\/wp\/v2\/comments?post=1981"}],"version-history":[{"count":46,"href":"https:\/\/strokecongress.canadianstroke.ca\/fr\/wp-json\/wp\/v2\/pages\/1981\/revisions"}],"predecessor-version":[{"id":3323,"href":"https:\/\/strokecongress.canadianstroke.ca\/fr\/wp-json\/wp\/v2\/pages\/1981\/revisions\/3323"}],"wp:attachment":[{"href":"https:\/\/strokecongress.canadianstroke.ca\/fr\/wp-json\/wp\/v2\/media?parent=1981"}],"curies":[{"name":"wp","href":"https:\/\/api.w.org\/{rel}","templated":true}]}}