{"id":2037,"date":"2024-06-28T16:02:31","date_gmt":"2024-06-28T20:02:31","guid":{"rendered":"https:\/\/strokecongress.canadianstroke.ca\/sponsors-exhibit\/"},"modified":"2025-12-18T10:03:58","modified_gmt":"2025-12-18T15:03:58","slug":"sponsors-exhibit","status":"publish","type":"page","link":"https:\/\/strokecongress.canadianstroke.ca\/fr\/sponsors-exhibit\/","title":{"rendered":"Opportunit\u00e9s de parrainage"},"content":{"rendered":"<section class=\"wpb-content-wrapper\"><p>[vc_row][vc_column][vc_column_text]Le Congr\u00e8s canadien de l\u2019AVC attire les meilleurs scientifiques, chercheurs et \u00e9tudiants des cycles sup\u00e9rieurs provenant de tous les domaines li\u00e9s \u00e0 l\u2019AVC et aux d\u00e9ficits cognitifs d\u2019origine vasculaire de partout au Canada et \u00e0 travers le monde. Il existe plusieurs niveaux de commanditaires, de l\u2019exposant au commanditaire principal.<\/p>\n<p>Si vous souhaitez discuter des opportunit\u00e9s de commandite, veuillez contacter le secr\u00e9tariat de Podium Conference Specialist \u00e0 cette adresse : <a href=\"mailto:sharon@podiumconferences.com\">sharon@podiumconferences.com<\/a> pour obtenir plus d\u2019informations.[\/vc_column_text][vc_empty_space][\/vc_column][\/vc_row][vc_row][vc_column width=\u00a0\u00bb1\/2&Prime;][vc_single_image image=\u00a0\u00bb1656&Prime; img_size=\u00a0\u00bbfull\u00a0\u00bb alignment=\u00a0\u00bbcenter\u00a0\u00bb onclick=\u00a0\u00bbcustom_link\u00a0\u00bb img_link_target=\u00a0\u00bb_blank\u00a0\u00bb link=\u00a0\u00bbhttp:\/\/www.canadianstroke.ca\/\u00a0\u00bb][\/vc_column][vc_column width=\u00a0\u00bb1\/2&Prime;][vc_single_image image=\u00a0\u00bb1658&Prime; img_size=\u00a0\u00bbfull\u00a0\u00bb alignment=\u00a0\u00bbcenter\u00a0\u00bb onclick=\u00a0\u00bbcustom_link\u00a0\u00bb img_link_target=\u00a0\u00bb_blank\u00a0\u00bb link=\u00a0\u00bbhttps:\/\/canadianstroke.ca\/strokecog\/public\/\u00a0\u00bb][\/vc_column][\/vc_row][vc_row css=\u00a0\u00bb.vc_custom_1722003313127{margin-top: 32px !important;}\u00a0\u00bb][vc_column width=\u00a0\u00bb1\/4&Prime;][vc_single_image image=\u00a0\u00bb1660&Prime; img_size=\u00a0\u00bbfull\u00a0\u00bb alignment=\u00a0\u00bbcenter\u00a0\u00bb onclick=\u00a0\u00bbcustom_link\u00a0\u00bb img_link_target=\u00a0\u00bb_blank\u00a0\u00bb link=\u00a0\u00bbhttps:\/\/cumming.ucalgary.ca\/departments\/dcns\/home\u00a0\u00bb][\/vc_column][vc_column width=\u00a0\u00bb1\/4&Prime;][vc_single_image image=\u00a0\u00bb1662&Prime; img_size=\u00a0\u00bbfull\u00a0\u00bb alignment=\u00a0\u00bbcenter\u00a0\u00bb onclick=\u00a0\u00bbcustom_link\u00a0\u00bb img_link_target=\u00a0\u00bb_blank\u00a0\u00bb link=\u00a0\u00bbhttps:\/\/www.ucalgary.ca\/\u00a0\u00bb][\/vc_column][vc_column width=\u00a0\u00bb1\/4&Prime;][vc_single_image image=\u00a0\u00bb1664&Prime; img_size=\u00a0\u00bbfull\u00a0\u00bb alignment=\u00a0\u00bbcenter\u00a0\u00bb onclick=\u00a0\u00bbcustom_link\u00a0\u00bb img_link_target=\u00a0\u00bb_blank\u00a0\u00bb link=\u00a0\u00bbhttps:\/\/sunnybrook.ca\/research\/\u00a0\u00bb][\/vc_column][vc_column width=\u00a0\u00bb1\/4&Prime;][vc_single_image image=\u00a0\u00bb1666&Prime; img_size=\u00a0\u00bbfull\u00a0\u00bb alignment=\u00a0\u00bbcenter\u00a0\u00bb onclick=\u00a0\u00bbcustom_link\u00a0\u00bb img_link_target=\u00a0\u00bb_blank\u00a0\u00bb link=\u00a0\u00bbhttps:\/\/www.ottawaheart.ca\/\u00a0\u00bb][\/vc_column][\/vc_row][vc_row css=\u00a0\u00bb.vc_custom_1722002603149{margin-top: 32px !important;}\u00a0\u00bb][vc_column width=\u00a0\u00bb1\/4&Prime;][\/vc_column][vc_column width=\u00a0\u00bb1\/4&Prime;][vc_single_image image=\u00a0\u00bb1668&Prime; img_size=\u00a0\u00bbfull\u00a0\u00bb alignment=\u00a0\u00bbcenter\u00a0\u00bb onclick=\u00a0\u00bbcustom_link\u00a0\u00bb img_link_target=\u00a0\u00bb_blank\u00a0\u00bb link=\u00a0\u00bbhttps:\/\/braincanada.ca\/\u00a0\u00bb][\/vc_column][vc_column width=\u00a0\u00bb1\/4&Prime;][vc_single_image image=\u00a0\u00bb1670&Prime; img_size=\u00a0\u00bbfull\u00a0\u00bb alignment=\u00a0\u00bbcenter\u00a0\u00bb onclick=\u00a0\u00bbcustom_link\u00a0\u00bb img_link_target=\u00a0\u00bb_blank\u00a0\u00bb link=\u00a0\u00bbhttps:\/\/cihr-irsc.gc.ca\/e\/193.html\u00a0\u00bb][\/vc_column][vc_column width=\u00a0\u00bb1\/4&Prime;][\/vc_column][\/vc_row][vc_row disable_element=\u00a0\u00bbyes\u00a0\u00bb css=\u00a0\u00bb.vc_custom_1722628487821{margin-top: 32px !important;}\u00a0\u00bb][vc_column][vc_column_text]<\/p>\n<h1>Sponsors<\/h1>\n<p>[\/vc_column_text][vc_empty_space][\/vc_column][\/vc_row][vc_row disable_element=\u00a0\u00bbyes\u00a0\u00bb][vc_column][vc_column_text]<\/p>\n<h3>Lead Sponsors<\/h3>\n<p>[\/vc_column_text][\/vc_column][\/vc_row][vc_row disable_element=\u00a0\u00bbyes\u00a0\u00bb css=\u00a0\u00bb.vc_custom_1722628511472{margin-top: 32px !important;}\u00a0\u00bb][vc_column][vc_column_text]<\/p>\n<h3 style=\"text-align: left;\">Platinum Sponsors<\/h3>\n<p>[\/vc_column_text][\/vc_column][\/vc_row][vc_row disable_element=\u00a0\u00bbyes\u00a0\u00bb css=\u00a0\u00bb.vc_custom_1722628520862{margin-top: 32px !important;}\u00a0\u00bb][vc_column][vc_column_text]<\/p>\n<h3>Gold Sponsors<\/h3>\n<p>[\/vc_column_text][vc_empty_space][\/vc_column][\/vc_row][vc_row disable_element=\u00a0\u00bbyes\u00a0\u00bb][vc_column][vc_column_text]<\/p>\n<h3>Silver Sponsors<\/h3>\n<p>[\/vc_column_text][vc_empty_space][\/vc_column][\/vc_row][vc_row disable_element=\u00a0\u00bbyes\u00a0\u00bb][vc_column][vc_column_text]<\/p>\n<h3>Bronze Sponsors<\/h3>\n<p>[\/vc_column_text][vc_empty_space][\/vc_column][\/vc_row][vc_row disable_element=\u00a0\u00bbyes\u00a0\u00bb][vc_column][vc_column_text]<\/p>\n<h3>Exhibitors<\/h3>\n<p>[\/vc_column_text][vc_empty_space][\/vc_column][\/vc_row][vc_row css=\u00a0\u00bb.vc_custom_1722628668348{margin-top: 40px !important;margin-bottom: 40px !important;}\u00a0\u00bb][vc_column][vc_column_text]<\/p>\n<p style=\"text-align: left;\"><span style=\"font-weight: 400;\">Le Congr\u00e8s canadien de l\u2019AVC attire les meilleurs scientifiques, chercheurs et \u00e9tudiants des cycles sup\u00e9rieurs provenant de tous les domaines li\u00e9s \u00e0 l\u2019AVC et aux d\u00e9ficits cognitifs d\u2019origine vasculaire de partout au Canada et \u00e0 travers le monde. Il existe plusieurs niveaux de commanditaires, de l\u2019exposant au commanditaire principal. <a href=\"https:\/\/strokecongress.canadianstroke.ca\/fr\/sponsorship-opportunities\/\">Visitez la page du programme<\/a> afin de conna\u00eetre les avantages \u00e0 \u00eatre commanditaire ainsi que les occasions de b\u00e2tir de nouveaux liens avec les chefs de file en clinique et en recherche de la communaut\u00e9 de l\u2019AVC au Canada.<\/span><\/p>\n<p>[\/vc_column_text][\/vc_column][\/vc_row]<\/p>\n<\/section>","protected":false},"excerpt":{"rendered":"<p>[vc_row][vc_column][vc_column_text]Le Congr\u00e8s canadien de l\u2019AVC attire les meilleurs scientifiques, chercheurs et \u00e9tudiants des cycles sup\u00e9rieurs provenant de tous les domaines li\u00e9s \u00e0 l\u2019AVC et aux d\u00e9ficits cognitifs d\u2019origine vasculaire de partout au Canada et&hellip;<\/p>\n","protected":false},"author":2,"featured_media":0,"parent":0,"menu_order":0,"comment_status":"closed","ping_status":"closed","template":"","meta":{"footnotes":""},"class_list":["post-2037","page","type-page","status-publish","hentry"],"featured_image_src":null,"featured_image_src_square":null,"_links":{"self":[{"href":"https:\/\/strokecongress.canadianstroke.ca\/fr\/wp-json\/wp\/v2\/pages\/2037","targetHints":{"allow":["GET"]}}],"collection":[{"href":"https:\/\/strokecongress.canadianstroke.ca\/fr\/wp-json\/wp\/v2\/pages"}],"about":[{"href":"https:\/\/strokecongress.canadianstroke.ca\/fr\/wp-json\/wp\/v2\/types\/page"}],"author":[{"embeddable":true,"href":"https:\/\/strokecongress.canadianstroke.ca\/fr\/wp-json\/wp\/v2\/users\/2"}],"replies":[{"embeddable":true,"href":"https:\/\/strokecongress.canadianstroke.ca\/fr\/wp-json\/wp\/v2\/comments?post=2037"}],"version-history":[{"count":8,"href":"https:\/\/strokecongress.canadianstroke.ca\/fr\/wp-json\/wp\/v2\/pages\/2037\/revisions"}],"predecessor-version":[{"id":3301,"href":"https:\/\/strokecongress.canadianstroke.ca\/fr\/wp-json\/wp\/v2\/pages\/2037\/revisions\/3301"}],"wp:attachment":[{"href":"https:\/\/strokecongress.canadianstroke.ca\/fr\/wp-json\/wp\/v2\/media?parent=2037"}],"curies":[{"name":"wp","href":"https:\/\/api.w.org\/{rel}","templated":true}]}}