{"id":2040,"date":"2024-06-28T15:59:44","date_gmt":"2024-06-28T19:59:44","guid":{"rendered":"https:\/\/strokecongress.canadianstroke.ca\/sponsorship-opportunities\/"},"modified":"2025-10-29T11:22:48","modified_gmt":"2025-10-29T15:22:48","slug":"sponsorship-opportunities","status":"publish","type":"page","link":"https:\/\/strokecongress.canadianstroke.ca\/fr\/sponsorship-opportunities\/","title":{"rendered":"Page du programme"},"content":{"rendered":"<section class=\"wpb-content-wrapper\"><p>[vc_row][vc_column]<div class=\"section-title headings  text-center\"><h1>Opportunit\u00e9s de commandite<\/h1><\/div>[vc_column_text]<\/p>\n<p style=\"text-align: center;\"><span style=\"font-weight: 400;\">Le Congr\u00e8s canadien de l\u2019AVC attire les meilleurs scientifiques, chercheurs et \u00e9tudiants des cycles sup\u00e9rieurs provenant de tous les domaines li\u00e9s \u00e0 l\u2019AVC et aux d\u00e9ficits cognitifs d\u2019origine vasculaire de partout au Canada et \u00e0 travers le monde. Il existe plusieurs niveaux de commanditaires, de l\u2019exposant au commanditaire principal.<\/span><\/p>\n<p style=\"text-align: center;\"><span style=\"font-weight: 400;\">Si vous souhaitez discuter des opportunit\u00e9s de commandite, veuillez contacter le secr\u00e9tariat de Podium Conference Specialist \u00e0 cette adresse : <\/span><a href=\"mailto:sharon@podiumconferences.com\"><span style=\"font-weight: 400;\">sharon@podiumconferences.com<\/span><\/a><span style=\"font-weight: 400;\"> pour obtenir plus d\u2019informations.<\/span><\/p>\n<p>[\/vc_column_text][\/vc_column][\/vc_row][vc_row css=\u00a0\u00bb.vc_custom_1721755542369{padding-top: 20px !important;padding-bottom: 20px !important;}\u00a0\u00bb][vc_column][\/vc_column][\/vc_row][vc_row css=\u00a0\u00bb.vc_custom_1721755559233{padding-bottom: 20px !important;}\u00a0\u00bb][vc_column][\/vc_column][\/vc_row]<\/p>\n<\/section>","protected":false},"excerpt":{"rendered":"<p>[vc_row][vc_column][vc_column_text] Le Congr\u00e8s canadien de l\u2019AVC attire les meilleurs scientifiques, chercheurs et \u00e9tudiants des cycles sup\u00e9rieurs provenant de tous les domaines li\u00e9s \u00e0 l\u2019AVC et aux d\u00e9ficits cognitifs d\u2019origine vasculaire de partout au Canada&hellip;<\/p>\n","protected":false},"author":2,"featured_media":0,"parent":0,"menu_order":0,"comment_status":"closed","ping_status":"closed","template":"","meta":{"footnotes":""},"class_list":["post-2040","page","type-page","status-publish","hentry"],"featured_image_src":null,"featured_image_src_square":null,"_links":{"self":[{"href":"https:\/\/strokecongress.canadianstroke.ca\/fr\/wp-json\/wp\/v2\/pages\/2040","targetHints":{"allow":["GET"]}}],"collection":[{"href":"https:\/\/strokecongress.canadianstroke.ca\/fr\/wp-json\/wp\/v2\/pages"}],"about":[{"href":"https:\/\/strokecongress.canadianstroke.ca\/fr\/wp-json\/wp\/v2\/types\/page"}],"author":[{"embeddable":true,"href":"https:\/\/strokecongress.canadianstroke.ca\/fr\/wp-json\/wp\/v2\/users\/2"}],"replies":[{"embeddable":true,"href":"https:\/\/strokecongress.canadianstroke.ca\/fr\/wp-json\/wp\/v2\/comments?post=2040"}],"version-history":[{"count":6,"href":"https:\/\/strokecongress.canadianstroke.ca\/fr\/wp-json\/wp\/v2\/pages\/2040\/revisions"}],"predecessor-version":[{"id":3159,"href":"https:\/\/strokecongress.canadianstroke.ca\/fr\/wp-json\/wp\/v2\/pages\/2040\/revisions\/3159"}],"wp:attachment":[{"href":"https:\/\/strokecongress.canadianstroke.ca\/fr\/wp-json\/wp\/v2\/media?parent=2040"}],"curies":[{"name":"wp","href":"https:\/\/api.w.org\/{rel}","templated":true}]}}